{"id":941,"date":"2024-10-17T15:49:26","date_gmt":"2024-10-17T15:49:26","guid":{"rendered":"https:\/\/openshops.rkinformatika.online\/?page_id=941"},"modified":"2024-12-12T10:04:51","modified_gmt":"2024-12-12T10:04:51","slug":"inicio","status":"publish","type":"page","link":"https:\/\/peluqueriadany.com\/eu\/","title":{"rendered":"HASIERA"},"content":{"rendered":"\t\t<div data-elementor-type=\"wp-page\" data-elementor-id=\"941\" class=\"elementor elementor-941\" data-elementor-post-type=\"page\">\n\t\t\t\t\t\t<section class=\"elementor-section elementor-top-section elementor-element elementor-element-2ceda46f elementor-section-height-min-height elementor-section-boxed elementor-section-height-default elementor-section-items-middle\" data-id=\"2ceda46f\" data-element_type=\"section\" data-e-type=\"section\" data-settings=\"{&quot;background_background&quot;:&quot;slideshow&quot;,&quot;background_slideshow_gallery&quot;:[{&quot;id&quot;:1881,&quot;url&quot;:&quot;https:\\\/\\\/peluqueriadany.com\\\/wp-content\\\/uploads\\\/2024\\\/10\\\/IMG_1652-Sindy-Daniela-Grisales-Ramirez-scaled.jpg&quot;},{&quot;id&quot;:1882,&quot;url&quot;:&quot;https:\\\/\\\/peluqueriadany.com\\\/wp-content\\\/uploads\\\/2024\\\/10\\\/IMG_1650-Sindy-Daniela-Grisales-Ramirez-scaled.jpg&quot;},{&quot;id&quot;:1883,&quot;url&quot;:&quot;https:\\\/\\\/peluqueriadany.com\\\/wp-content\\\/uploads\\\/2024\\\/10\\\/IMG_1649-Sindy-Daniela-Grisales-Ramirez-scaled.jpg&quot;}],&quot;background_slideshow_transition_duration&quot;:1000,&quot;background_slideshow_loop&quot;:&quot;yes&quot;,&quot;background_slideshow_slide_duration&quot;:5000,&quot;background_slideshow_slide_transition&quot;:&quot;fade&quot;}\">\n\t\t\t\t\t\t\t<div class=\"elementor-background-overlay\"><\/div>\n\t\t\t\t\t\t\t<div class=\"elementor-container elementor-column-gap-no\">\n\t\t\t\t\t<div class=\"elementor-column elementor-col-100 elementor-top-column elementor-element elementor-element-21c58e5c\" data-id=\"21c58e5c\" data-element_type=\"column\" data-e-type=\"column\">\n\t\t\t<div class=\"elementor-widget-wrap elementor-element-populated\">\n\t\t\t\t\t\t<div class=\"elementor-element elementor-element-42f39f1c elementor-invisible elementor-widget elementor-widget-heading\" data-id=\"42f39f1c\" data-element_type=\"widget\" data-e-type=\"widget\" data-settings=\"{&quot;_animation&quot;:&quot;zoomIn&quot;}\" data-widget_type=\"heading.default\">\n\t\t\t\t<div class=\"elementor-widget-container\">\n\t\t\t\t\t<h2 class=\"elementor-heading-title elementor-size-default\">Bienvenidos a<br><br>Dany Cuidados Capilares<\/h2>\t\t\t\t<\/div>\n\t\t\t\t<\/div>\n\t\t\t\t<section class=\"elementor-section elementor-inner-section elementor-element elementor-element-5200ffaf elementor-section-boxed elementor-section-height-default elementor-section-height-default\" data-id=\"5200ffaf\" data-element_type=\"section\" data-e-type=\"section\">\n\t\t\t\t\t\t<div class=\"elementor-container elementor-column-gap-no\">\n\t\t\t\t\t<div class=\"elementor-column elementor-col-100 elementor-inner-column elementor-element elementor-element-c65b071\" data-id=\"c65b071\" data-element_type=\"column\" data-e-type=\"column\">\n\t\t\t<div class=\"elementor-widget-wrap\">\n\t\t\t\t\t\t\t<\/div>\n\t\t<\/div>\n\t\t\t\t\t<\/div>\n\t\t<\/section>\n\t\t\t\t\t<\/div>\n\t\t<\/div>\n\t\t\t\t\t<\/div>\n\t\t<\/section>\n\t\t\t\t<section class=\"elementor-section elementor-top-section elementor-element elementor-element-4c97510d elementor-section-content-middle elementor-section-boxed elementor-section-height-default elementor-section-height-default\" data-id=\"4c97510d\" data-element_type=\"section\" data-e-type=\"section\" data-settings=\"{&quot;background_background&quot;:&quot;classic&quot;}\">\n\t\t\t\t\t\t<div class=\"elementor-container elementor-column-gap-no\">\n\t\t\t\t\t<div class=\"elementor-column elementor-col-33 elementor-top-column elementor-element elementor-element-305884ae elementor-hidden-tablet elementor-hidden-mobile elementor-invisible\" data-id=\"305884ae\" data-element_type=\"column\" data-e-type=\"column\" data-settings=\"{&quot;animation&quot;:&quot;fadeInUp&quot;}\">\n\t\t\t<div class=\"elementor-widget-wrap elementor-element-populated\">\n\t\t\t\t\t\t<div class=\"elementor-element elementor-element-18388f64 elementor-widget elementor-widget-image\" data-id=\"18388f64\" data-element_type=\"widget\" data-e-type=\"widget\" data-widget_type=\"image.default\">\n\t\t\t\t<div class=\"elementor-widget-container\">\n\t\t\t\t\t\t\t\t\t\t\t\t\t\t\t<img decoding=\"async\" src=\"https:\/\/peluqueriadany.com\/wp-content\/uploads\/elementor\/thumbs\/IMG_3670-Sindy-Daniela-Grisales-Ramirez-scaled-qyayfmb8huwx6b74o9hi8xnfhgpwtqvn7jlbsz9l3u.jpg\" title=\"IMG_3670 &#8211; Sindy Daniela Grisales Ramirez\" alt=\"IMG_3670 - Sindy Daniela Grisales Ramirez\" loading=\"lazy\" \/>\t\t\t\t\t\t\t\t\t\t\t\t\t\t\t<\/div>\n\t\t\t\t<\/div>\n\t\t\t\t\t<\/div>\n\t\t<\/div>\n\t\t\t\t<div class=\"elementor-column elementor-col-33 elementor-top-column elementor-element elementor-element-429b18ab elementor-invisible\" data-id=\"429b18ab\" data-element_type=\"column\" data-e-type=\"column\" data-settings=\"{&quot;animation&quot;:&quot;fadeInLeft&quot;,&quot;animation_delay&quot;:300}\">\n\t\t\t<div class=\"elementor-widget-wrap elementor-element-populated\">\n\t\t\t\t\t\t<div class=\"elementor-element elementor-element-15c43cc1 elementor-widget elementor-widget-image\" data-id=\"15c43cc1\" data-element_type=\"widget\" data-e-type=\"widget\" data-widget_type=\"image.default\">\n\t\t\t\t<div class=\"elementor-widget-container\">\n\t\t\t\t\t\t\t\t\t\t\t\t\t\t\t<img decoding=\"async\" src=\"https:\/\/peluqueriadany.com\/wp-content\/uploads\/elementor\/thumbs\/IMG_1653-Sindy-Daniela-Grisales-Ramirez-scaled-qyay9cq2l6obxr040igt1is63myys4lvw0ssuhgfw0.jpg\" title=\"IMG_1653 &#8211; Sindy Daniela Grisales Ramirez\" alt=\"IMG_1653 - Sindy Daniela Grisales Ramirez\" loading=\"lazy\" \/>\t\t\t\t\t\t\t\t\t\t\t\t\t\t\t<\/div>\n\t\t\t\t<\/div>\n\t\t\t\t\t<\/div>\n\t\t<\/div>\n\t\t\t\t<div class=\"elementor-column elementor-col-33 elementor-top-column elementor-element elementor-element-37bb1425\" data-id=\"37bb1425\" data-element_type=\"column\" data-e-type=\"column\">\n\t\t\t<div class=\"elementor-widget-wrap elementor-element-populated\">\n\t\t\t\t\t\t<section class=\"elementor-section elementor-inner-section elementor-element elementor-element-6b04b859 elementor-section-boxed elementor-section-height-default elementor-section-height-default\" data-id=\"6b04b859\" data-element_type=\"section\" data-e-type=\"section\" data-settings=\"{&quot;background_background&quot;:&quot;classic&quot;}\">\n\t\t\t\t\t\t\t<div class=\"elementor-background-overlay\"><\/div>\n\t\t\t\t\t\t\t<div class=\"elementor-container elementor-column-gap-no\">\n\t\t\t\t\t<div class=\"elementor-column elementor-col-100 elementor-inner-column elementor-element elementor-element-505014f4 elementor-invisible\" data-id=\"505014f4\" data-element_type=\"column\" data-e-type=\"column\" data-settings=\"{&quot;background_background&quot;:&quot;classic&quot;,&quot;animation&quot;:&quot;fadeInRight&quot;}\">\n\t\t\t<div class=\"elementor-widget-wrap elementor-element-populated\">\n\t\t\t\t\t\t<div class=\"elementor-element elementor-element-54dad1e0 elementor-widget-divider--view-line_text elementor-widget-divider--element-align-center elementor-widget elementor-widget-divider\" data-id=\"54dad1e0\" data-element_type=\"widget\" data-e-type=\"widget\" data-widget_type=\"divider.default\">\n\t\t\t\t<div class=\"elementor-widget-container\">\n\t\t\t\t\t\t\t<div class=\"elementor-divider\">\n\t\t\t<span class=\"elementor-divider-separator\">\n\t\t\t\t\t\t\t<span class=\"elementor-divider__text elementor-divider__element\">\n\t\t\t\tDany\t\t\t\t<\/span>\n\t\t\t\t\t\t<\/span>\n\t\t<\/div>\n\t\t\t\t\t\t<\/div>\n\t\t\t\t<\/div>\n\t\t\t\t<div class=\"elementor-element elementor-element-5a255791 elementor-widget elementor-widget-heading\" data-id=\"5a255791\" data-element_type=\"widget\" data-e-type=\"widget\" data-widget_type=\"heading.default\">\n\t\t\t\t<div class=\"elementor-widget-container\">\n\t\t\t\t\t<h2 class=\"elementor-heading-title elementor-size-default\">Con\u00f3cenos<\/h2>\t\t\t\t<\/div>\n\t\t\t\t<\/div>\n\t\t\t\t<div class=\"elementor-element elementor-element-40bf7b26 elementor-widget elementor-widget-text-editor\" data-id=\"40bf7b26\" data-element_type=\"widget\" data-e-type=\"widget\" data-widget_type=\"text-editor.default\">\n\t\t\t\t<div class=\"elementor-widget-container\">\n\t\t\t\t\t\t\t\t\t<div class=\"flex-shrink-0 flex flex-col relative items-end\"><p>\u00a0<\/p><div class=\"pt-0\"><div class=\"gizmo-bot-avatar flex h-8 w-8 items-center justify-center overflow-hidden rounded-full\"><p>Tu cabello merece lo mejor, y en <strong>DANY CUIDADOS CAPILARES<\/strong> nos especializamos en ofrecerte un servicio personalizado para realzar tu belleza natural. Nuestra peluquer\u00eda, ubicada en un lugar accesible y conveniente, est\u00e1 a solo <strong>7 minutos a pie de la estaci\u00f3n de tren de Gernika<\/strong>, lo que facilita tu visita en cualquier momento.<\/p><p>Ofrecemos una amplia gama de servicios capilares dise\u00f1ados para cuidar tu cabello y resaltar tu estilo, siempre con productos de alta calidad y t\u00e9cnicas innovadoras. D\u00e9janos cuidar de ti y ayudarte a lucir espectacular.<\/p><\/div><\/div><\/div>\t\t\t\t\t\t\t\t<\/div>\n\t\t\t\t<\/div>\n\t\t\t\t<div class=\"elementor-element elementor-element-4952c455 elementor-align-center elementor-widget elementor-widget-button\" data-id=\"4952c455\" data-element_type=\"widget\" data-e-type=\"widget\" data-widget_type=\"button.default\">\n\t\t\t\t<div class=\"elementor-widget-container\">\n\t\t\t\t\t\t\t\t\t<div class=\"elementor-button-wrapper\">\n\t\t\t\t\t<a class=\"elementor-button elementor-button-link elementor-size-sm elementor-animation-float\" href=\"https:\/\/peluqueriadany.com\/servicios\/\">\n\t\t\t\t\t\t<span class=\"elementor-button-content-wrapper\">\n\t\t\t\t\t\t\t\t\t<span class=\"elementor-button-text\">Saber M\u00e1s<\/span>\n\t\t\t\t\t<\/span>\n\t\t\t\t\t<\/a>\n\t\t\t\t<\/div>\n\t\t\t\t\t\t\t\t<\/div>\n\t\t\t\t<\/div>\n\t\t\t\t\t<\/div>\n\t\t<\/div>\n\t\t\t\t\t<\/div>\n\t\t<\/section>\n\t\t\t\t\t<\/div>\n\t\t<\/div>\n\t\t\t\t\t<\/div>\n\t\t<\/section>\n\t\t\t\t<section class=\"elementor-section elementor-top-section elementor-element elementor-element-2ee96431 elementor-section-boxed elementor-section-height-default elementor-section-height-default\" data-id=\"2ee96431\" data-element_type=\"section\" data-e-type=\"section\" data-settings=\"{&quot;background_background&quot;:&quot;classic&quot;}\">\n\t\t\t\t\t\t\t<div class=\"elementor-background-overlay\"><\/div>\n\t\t\t\t\t\t\t<div class=\"elementor-container elementor-column-gap-no\">\n\t\t\t\t\t<div class=\"elementor-column elementor-col-100 elementor-top-column elementor-element elementor-element-5f1a4080\" data-id=\"5f1a4080\" data-element_type=\"column\" data-e-type=\"column\" data-settings=\"{&quot;background_background&quot;:&quot;classic&quot;}\">\n\t\t\t<div class=\"elementor-widget-wrap elementor-element-populated\">\n\t\t\t\t\t\t<div class=\"elementor-element elementor-element-4c04fdc6 elementor-invisible elementor-widget elementor-widget-heading\" data-id=\"4c04fdc6\" data-element_type=\"widget\" data-e-type=\"widget\" data-settings=\"{&quot;_animation&quot;:&quot;zoomIn&quot;}\" data-widget_type=\"heading.default\">\n\t\t\t\t<div class=\"elementor-widget-container\">\n\t\t\t\t\t<h2 class=\"elementor-heading-title elementor-size-default\">\u00a1Vis\u00edtanos y deja que transformemos tu look!<\/h2>\t\t\t\t<\/div>\n\t\t\t\t<\/div>\n\t\t\t\t<div class=\"elementor-element elementor-element-e3b91d5 elementor-invisible elementor-widget elementor-widget-heading\" data-id=\"e3b91d5\" data-element_type=\"widget\" data-e-type=\"widget\" data-settings=\"{&quot;_animation&quot;:&quot;zoomIn&quot;}\" data-widget_type=\"heading.default\">\n\t\t\t\t<div class=\"elementor-widget-container\">\n\t\t\t\t\t<h2 class=\"elementor-heading-title elementor-size-default\">Porque aqu\u00ed, tu estilo y bienestar son nuestra prioridad.<\/h2>\t\t\t\t<\/div>\n\t\t\t\t<\/div>\n\t\t\t\t<div class=\"elementor-element elementor-element-a6cd98e elementor-align-center elementor-invisible elementor-widget elementor-widget-button\" data-id=\"a6cd98e\" data-element_type=\"widget\" data-e-type=\"widget\" data-settings=\"{&quot;_animation&quot;:&quot;zoomIn&quot;}\" data-widget_type=\"button.default\">\n\t\t\t\t<div class=\"elementor-widget-container\">\n\t\t\t\t\t\t\t\t\t<div class=\"elementor-button-wrapper\">\n\t\t\t\t\t<a class=\"elementor-button elementor-button-link elementor-size-sm elementor-animation-hang\" href=\"https:\/\/peluqueriadany.com\/contacto\/\">\n\t\t\t\t\t\t<span class=\"elementor-button-content-wrapper\">\n\t\t\t\t\t\t\t\t\t<span class=\"elementor-button-text\">Cont\u00e1ctenos<\/span>\n\t\t\t\t\t<\/span>\n\t\t\t\t\t<\/a>\n\t\t\t\t<\/div>\n\t\t\t\t\t\t\t\t<\/div>\n\t\t\t\t<\/div>\n\t\t\t\t\t<\/div>\n\t\t<\/div>\n\t\t\t\t\t<\/div>\n\t\t<\/section>\n\t\t\t\t<\/div>\n\t\t","protected":false},"excerpt":{"rendered":"<p>Bienvenidos a Dany Cuidados Capilares Dany Con\u00f3cenos \u00a0 Tu cabello merece lo mejor, y en DANY CUIDADOS CAPILARES nos especializamos en ofrecerte un servicio personalizado para realzar tu belleza natural. Nuestra peluquer\u00eda, ubicada en un lugar accesible y conveniente, est\u00e1 a solo 7 minutos a pie de la estaci\u00f3n de tren de Gernika, lo que [&hellip;]<\/p>\n","protected":false},"author":3,"featured_media":0,"parent":0,"menu_order":0,"comment_status":"closed","ping_status":"closed","template":"elementor_canvas","meta":{"footnotes":""},"class_list":["post-941","page","type-page","status-publish","hentry"],"yoast_head":"<!-- This site is optimized with the Yoast SEO plugin v27.3 - https:\/\/yoast.com\/product\/yoast-seo-wordpress\/ -->\n<title>Inicio - Peluquer\u00eda Dany<\/title>\n<meta name=\"robots\" content=\"index, follow, max-snippet:-1, max-image-preview:large, max-video-preview:-1\" \/>\n<link rel=\"canonical\" href=\"https:\/\/peluqueriadany.com\/eu\/\" \/>\n<meta property=\"og:locale\" content=\"en_US\" \/>\n<meta property=\"og:type\" content=\"article\" \/>\n<meta property=\"og:title\" content=\"Inicio - Peluquer\u00eda Dany\" \/>\n<meta property=\"og:description\" content=\"Bienvenidos a Dany Cuidados Capilares Dany Con\u00f3cenos \u00a0 Tu cabello merece lo mejor, y en DANY CUIDADOS CAPILARES nos especializamos en ofrecerte un servicio personalizado para realzar tu belleza natural. Nuestra peluquer\u00eda, ubicada en un lugar accesible y conveniente, est\u00e1 a solo 7 minutos a pie de la estaci\u00f3n de tren de Gernika, lo que [&hellip;]\" \/>\n<meta property=\"og:url\" content=\"https:\/\/peluqueriadany.com\/eu\/\" \/>\n<meta property=\"og:site_name\" content=\"Peluquer\u00eda Dany\" \/>\n<meta property=\"article:modified_time\" content=\"2024-12-12T10:04:51+00:00\" \/>\n<meta property=\"og:image\" content=\"https:\/\/peluqueriadany.com\/wp-content\/uploads\/elementor\/thumbs\/IMG_3670-Sindy-Daniela-Grisales-Ramirez-scaled-qyayfmb8huwx6b74o9hi8xnfhgpwtqvn7jlbsz9l3u.jpg\" \/>\n<meta name=\"twitter:card\" content=\"summary_large_image\" \/>\n<meta name=\"twitter:label1\" content=\"Est. reading time\" \/>\n\t<meta name=\"twitter:data1\" content=\"1 minutua\" \/>\n<script type=\"application\/ld+json\" class=\"yoast-schema-graph\">{\"@context\":\"https:\\\/\\\/schema.org\",\"@graph\":[{\"@type\":\"WebPage\",\"@id\":\"https:\\\/\\\/peluqueriadany.com\\\/\",\"url\":\"https:\\\/\\\/peluqueriadany.com\\\/\",\"name\":\"Inicio - Peluquer\u00eda Dany\",\"isPartOf\":{\"@id\":\"https:\\\/\\\/peluqueriadany.com\\\/#website\"},\"primaryImageOfPage\":{\"@id\":\"https:\\\/\\\/peluqueriadany.com\\\/#primaryimage\"},\"image\":{\"@id\":\"https:\\\/\\\/peluqueriadany.com\\\/#primaryimage\"},\"thumbnailUrl\":\"https:\\\/\\\/peluqueriadany.com\\\/wp-content\\\/uploads\\\/elementor\\\/thumbs\\\/IMG_3670-Sindy-Daniela-Grisales-Ramirez-scaled-qyayfmb8huwx6b74o9hi8xnfhgpwtqvn7jlbsz9l3u.jpg\",\"datePublished\":\"2024-10-17T15:49:26+00:00\",\"dateModified\":\"2024-12-12T10:04:51+00:00\",\"breadcrumb\":{\"@id\":\"https:\\\/\\\/peluqueriadany.com\\\/#breadcrumb\"},\"inLanguage\":\"eu\",\"potentialAction\":[{\"@type\":\"ReadAction\",\"target\":[\"https:\\\/\\\/peluqueriadany.com\\\/\"]}]},{\"@type\":\"ImageObject\",\"inLanguage\":\"eu\",\"@id\":\"https:\\\/\\\/peluqueriadany.com\\\/#primaryimage\",\"url\":\"https:\\\/\\\/peluqueriadany.com\\\/wp-content\\\/uploads\\\/elementor\\\/thumbs\\\/IMG_3670-Sindy-Daniela-Grisales-Ramirez-scaled-qyayfmb8huwx6b74o9hi8xnfhgpwtqvn7jlbsz9l3u.jpg\",\"contentUrl\":\"https:\\\/\\\/peluqueriadany.com\\\/wp-content\\\/uploads\\\/elementor\\\/thumbs\\\/IMG_3670-Sindy-Daniela-Grisales-Ramirez-scaled-qyayfmb8huwx6b74o9hi8xnfhgpwtqvn7jlbsz9l3u.jpg\"},{\"@type\":\"BreadcrumbList\",\"@id\":\"https:\\\/\\\/peluqueriadany.com\\\/#breadcrumb\",\"itemListElement\":[{\"@type\":\"ListItem\",\"position\":1,\"name\":\"Portada\",\"item\":\"https:\\\/\\\/peluqueriadany.com\\\/\"},{\"@type\":\"ListItem\",\"position\":2,\"name\":\"Inicio\"}]},{\"@type\":\"WebSite\",\"@id\":\"https:\\\/\\\/peluqueriadany.com\\\/#website\",\"url\":\"https:\\\/\\\/peluqueriadany.com\\\/\",\"name\":\"Peluquer\u00eda Dany\",\"description\":\"DANY CUIDADOS CAPILARES\",\"publisher\":{\"@id\":\"https:\\\/\\\/peluqueriadany.com\\\/#organization\"},\"potentialAction\":[{\"@type\":\"SearchAction\",\"target\":{\"@type\":\"EntryPoint\",\"urlTemplate\":\"https:\\\/\\\/peluqueriadany.com\\\/?s={search_term_string}\"},\"query-input\":{\"@type\":\"PropertyValueSpecification\",\"valueRequired\":true,\"valueName\":\"search_term_string\"}}],\"inLanguage\":\"eu\"},{\"@type\":\"Organization\",\"@id\":\"https:\\\/\\\/peluqueriadany.com\\\/#organization\",\"name\":\"Peluquer\u00eda Dany\",\"url\":\"https:\\\/\\\/peluqueriadany.com\\\/\",\"logo\":{\"@type\":\"ImageObject\",\"inLanguage\":\"eu\",\"@id\":\"https:\\\/\\\/peluqueriadany.com\\\/#\\\/schema\\\/logo\\\/image\\\/\",\"url\":\"https:\\\/\\\/peluqueriadany.com\\\/wp-content\\\/uploads\\\/2024\\\/12\\\/cropped-Design-sem-nome.png\",\"contentUrl\":\"https:\\\/\\\/peluqueriadany.com\\\/wp-content\\\/uploads\\\/2024\\\/12\\\/cropped-Design-sem-nome.png\",\"width\":500,\"height\":499,\"caption\":\"Peluquer\u00eda Dany\"},\"image\":{\"@id\":\"https:\\\/\\\/peluqueriadany.com\\\/#\\\/schema\\\/logo\\\/image\\\/\"}}]}<\/script>\n<!-- \/ Yoast SEO plugin. -->","yoast_head_json":{"title":"Inicio - Peluquer\u00eda Dany","robots":{"index":"index","follow":"follow","max-snippet":"max-snippet:-1","max-image-preview":"max-image-preview:large","max-video-preview":"max-video-preview:-1"},"canonical":"https:\/\/peluqueriadany.com\/eu\/","og_locale":"en_US","og_type":"article","og_title":"Inicio - Peluquer\u00eda Dany","og_description":"Bienvenidos a Dany Cuidados Capilares Dany Con\u00f3cenos \u00a0 Tu cabello merece lo mejor, y en DANY CUIDADOS CAPILARES nos especializamos en ofrecerte un servicio personalizado para realzar tu belleza natural. Nuestra peluquer\u00eda, ubicada en un lugar accesible y conveniente, est\u00e1 a solo 7 minutos a pie de la estaci\u00f3n de tren de Gernika, lo que [&hellip;]","og_url":"https:\/\/peluqueriadany.com\/eu\/","og_site_name":"Peluquer\u00eda Dany","article_modified_time":"2024-12-12T10:04:51+00:00","og_image":[{"url":"https:\/\/peluqueriadany.com\/wp-content\/uploads\/elementor\/thumbs\/IMG_3670-Sindy-Daniela-Grisales-Ramirez-scaled-qyayfmb8huwx6b74o9hi8xnfhgpwtqvn7jlbsz9l3u.jpg","type":"","width":"","height":""}],"twitter_card":"summary_large_image","twitter_misc":{"Est. reading time":"1 minutua"},"schema":{"@context":"https:\/\/schema.org","@graph":[{"@type":"WebPage","@id":"https:\/\/peluqueriadany.com\/","url":"https:\/\/peluqueriadany.com\/","name":"Inicio - Peluquer\u00eda Dany","isPartOf":{"@id":"https:\/\/peluqueriadany.com\/#website"},"primaryImageOfPage":{"@id":"https:\/\/peluqueriadany.com\/#primaryimage"},"image":{"@id":"https:\/\/peluqueriadany.com\/#primaryimage"},"thumbnailUrl":"https:\/\/peluqueriadany.com\/wp-content\/uploads\/elementor\/thumbs\/IMG_3670-Sindy-Daniela-Grisales-Ramirez-scaled-qyayfmb8huwx6b74o9hi8xnfhgpwtqvn7jlbsz9l3u.jpg","datePublished":"2024-10-17T15:49:26+00:00","dateModified":"2024-12-12T10:04:51+00:00","breadcrumb":{"@id":"https:\/\/peluqueriadany.com\/#breadcrumb"},"inLanguage":"eu","potentialAction":[{"@type":"ReadAction","target":["https:\/\/peluqueriadany.com\/"]}]},{"@type":"ImageObject","inLanguage":"eu","@id":"https:\/\/peluqueriadany.com\/#primaryimage","url":"https:\/\/peluqueriadany.com\/wp-content\/uploads\/elementor\/thumbs\/IMG_3670-Sindy-Daniela-Grisales-Ramirez-scaled-qyayfmb8huwx6b74o9hi8xnfhgpwtqvn7jlbsz9l3u.jpg","contentUrl":"https:\/\/peluqueriadany.com\/wp-content\/uploads\/elementor\/thumbs\/IMG_3670-Sindy-Daniela-Grisales-Ramirez-scaled-qyayfmb8huwx6b74o9hi8xnfhgpwtqvn7jlbsz9l3u.jpg"},{"@type":"BreadcrumbList","@id":"https:\/\/peluqueriadany.com\/#breadcrumb","itemListElement":[{"@type":"ListItem","position":1,"name":"Portada","item":"https:\/\/peluqueriadany.com\/"},{"@type":"ListItem","position":2,"name":"Inicio"}]},{"@type":"WebSite","@id":"https:\/\/peluqueriadany.com\/#website","url":"https:\/\/peluqueriadany.com\/","name":"Peluquer\u00eda Dany","description":"DANY CUIDADOS CAPILARESen","publisher":{"@id":"https:\/\/peluqueriadany.com\/#organization"},"potentialAction":[{"@type":"SearchAction","target":{"@type":"EntryPoint","urlTemplate":"https:\/\/peluqueriadany.com\/?s={search_term_string}"},"query-input":{"@type":"PropertyValueSpecification","valueRequired":true,"valueName":"search_term_string"}}],"inLanguage":"eu"},{"@type":"Organization","@id":"https:\/\/peluqueriadany.com\/#organization","name":"Peluquer\u00eda Dany","url":"https:\/\/peluqueriadany.com\/","logo":{"@type":"ImageObject","inLanguage":"eu","@id":"https:\/\/peluqueriadany.com\/#\/schema\/logo\/image\/","url":"https:\/\/peluqueriadany.com\/wp-content\/uploads\/2024\/12\/cropped-Design-sem-nome.png","contentUrl":"https:\/\/peluqueriadany.com\/wp-content\/uploads\/2024\/12\/cropped-Design-sem-nome.png","width":500,"height":499,"caption":"Peluquer\u00eda Dany"},"image":{"@id":"https:\/\/peluqueriadany.com\/#\/schema\/logo\/image\/"}}]}},"_links":{"self":[{"href":"https:\/\/peluqueriadany.com\/eu\/wp-json\/wp\/v2\/pages\/941","targetHints":{"allow":["GET"]}}],"collection":[{"href":"https:\/\/peluqueriadany.com\/eu\/wp-json\/wp\/v2\/pages"}],"about":[{"href":"https:\/\/peluqueriadany.com\/eu\/wp-json\/wp\/v2\/types\/page"}],"author":[{"embeddable":true,"href":"https:\/\/peluqueriadany.com\/eu\/wp-json\/wp\/v2\/users\/3"}],"replies":[{"embeddable":true,"href":"https:\/\/peluqueriadany.com\/eu\/wp-json\/wp\/v2\/comments?post=941"}],"version-history":[{"count":586,"href":"https:\/\/peluqueriadany.com\/eu\/wp-json\/wp\/v2\/pages\/941\/revisions"}],"predecessor-version":[{"id":2080,"href":"https:\/\/peluqueriadany.com\/eu\/wp-json\/wp\/v2\/pages\/941\/revisions\/2080"}],"wp:attachment":[{"href":"https:\/\/peluqueriadany.com\/eu\/wp-json\/wp\/v2\/media?parent=941"}],"curies":[{"name":"wp","href":"https:\/\/api.w.org\/{rel}","templated":true}]}}